{"id":17,"date":"2025-06-17T00:33:38","date_gmt":"2025-06-17T00:33:38","guid":{"rendered":"https:\/\/deliquesos.com\/?page_id=17"},"modified":"2026-04-06T21:47:12","modified_gmt":"2026-04-06T21:47:12","slug":"home","status":"publish","type":"page","link":"https:\/\/grupokrocante.com\/eng\/","title":{"rendered":"Home"},"content":{"rendered":"<div class=\"wp-block-cover alignfull\" style=\"min-height:500px;aspect-ratio:unset;\"><img loading=\"lazy\" decoding=\"async\" width=\"1408\" height=\"768\" class=\"wp-block-cover__image-background wp-image-208 size-full\" alt=\"\" src=\"https:\/\/grupokrocante.com\/wp-content\/uploads\/2026\/04\/Gemini_Generated_Image_osu7u8osu7u8osu7.png\" style=\"object-position:49% 46%\" data-object-fit=\"cover\" data-object-position=\"49% 46%\" srcset=\"https:\/\/grupokrocante.com\/wp-content\/uploads\/2026\/04\/Gemini_Generated_Image_osu7u8osu7u8osu7.png 1408w, https:\/\/grupokrocante.com\/wp-content\/uploads\/2026\/04\/Gemini_Generated_Image_osu7u8osu7u8osu7-300x164.png 300w, https:\/\/grupokrocante.com\/wp-content\/uploads\/2026\/04\/Gemini_Generated_Image_osu7u8osu7u8osu7-1024x559.png 1024w, https:\/\/grupokrocante.com\/wp-content\/uploads\/2026\/04\/Gemini_Generated_Image_osu7u8osu7u8osu7-768x419.png 768w, https:\/\/grupokrocante.com\/wp-content\/uploads\/2026\/04\/Gemini_Generated_Image_osu7u8osu7u8osu7-18x10.png 18w\" sizes=\"auto, (max-width: 1408px) 100vw, 1408px\" \/><span aria-hidden=\"true\" class=\"wp-block-cover__background has-ast-global-color-2-background-color has-background-dim\"><\/span><div class=\"wp-block-cover__inner-container is-layout-flow wp-block-cover-is-layout-flow\">\n<div class=\"inherit-container-width wp-block-group alignwide is-layout-constrained wp-block-group-is-layout-constrained\">\n<div class=\"wp-block-media-text alignwide has-media-on-the-right is-stacked-on-mobile is-vertically-aligned-center\" style=\"grid-template-columns:auto 30%\"><div class=\"wp-block-media-text__content\">\n<h1 class=\"wp-block-heading has-ast-global-color-5-color has-text-color has-link-color wp-elements-98994e6037ae106fcf524565c8e5c743\" style=\"border-style:none;border-width:0px;border-radius:0px\">Bienvenidos a Krocante.<\/h1>\n\n\n\n<h4 class=\"wp-block-heading has-white-color has-text-color has-medium-font-size\">Donde cada mordisco es un encuentro con el sabor aut\u00e9ntico de nuestra tierra.<\/h4>\n\n\n\n<div class=\"wp-block-buttons is-layout-flex wp-block-buttons-is-layout-flex\">\n<div class=\"wp-block-button uag-hide-desktop uag-hide-tab uag-hide-mob\"><a class=\"wp-block-button__link wp-element-button\" href=\"https:\/\/grupokrocante.com\/eng\/\" target=\"_blank\" rel=\"noreferrer noopener\">Product Catalog<\/a><\/div>\n<\/div>\n<\/div><figure class=\"wp-block-media-text__media\"><img loading=\"lazy\" decoding=\"async\" width=\"500\" height=\"500\" src=\"https:\/\/grupokrocante.com\/wp-content\/uploads\/2025\/07\/Krocante_logo_Negro-Photoroom.png\" alt=\"\" class=\"wp-image-172 size-full\" srcset=\"https:\/\/grupokrocante.com\/wp-content\/uploads\/2025\/07\/Krocante_logo_Negro-Photoroom.png 500w, https:\/\/grupokrocante.com\/wp-content\/uploads\/2025\/07\/Krocante_logo_Negro-Photoroom-300x300.png 300w, https:\/\/grupokrocante.com\/wp-content\/uploads\/2025\/07\/Krocante_logo_Negro-Photoroom-150x150.png 150w, https:\/\/grupokrocante.com\/wp-content\/uploads\/2025\/07\/Krocante_logo_Negro-Photoroom-12x12.png 12w, https:\/\/grupokrocante.com\/wp-content\/uploads\/2025\/07\/Krocante_logo_Negro-Photoroom-80x80.png 80w\" sizes=\"auto, (max-width: 500px) 100vw, 500px\" \/><\/figure><\/div>\n<\/div>\n<\/div><\/div>\n\n\n\n<div class=\"wp-block-group alignfull is-layout-constrained wp-container-core-group-is-layout-d7622491 wp-block-group-is-layout-constrained\" id=\"SobreNosotros\" style=\"padding-top:30px;padding-bottom:30px\">\n<div class=\"wp-block-group is-nowrap is-layout-flex wp-container-core-group-is-layout-bd3f9bef wp-block-group-is-layout-flex\">\n<figure class=\"wp-block-image size-large is-resized wp-duotone-midnight\"><img decoding=\"async\" src=\"https:\/\/grupokrocante.com\/wp-content\/themes\/astra\/inc\/assets\/images\/starter-content\/building.svg\" alt=\"\" class=\"wp-image-134\" style=\"width:63px;height:auto\"\/><\/figure>\n\n\n\n<h1 class=\"wp-block-heading\">About Us ...<\/h1>\n<\/div>\n\n\n\n<p><strong>Krocante<\/strong> es una marca colombiana creada para ofrecer sabores tradicionales con la practicidad que necesita el d\u00eda a d\u00eda. Aunque somos una empresa joven, contamos con una gran pasi\u00f3n por la cocina criolla y un profundo compromiso con la calidad.<br>Nos especializamos en la elaboraci\u00f3n y comercializaci\u00f3n de productos <strong>de l\u00ednea amarilla<\/strong> como empanadas, arepas, palitos de queso y pasteles, as\u00ed como una cuidada <strong>l\u00ednea de congelados<\/strong> listos para preparar, que conservan todo su sabor, textura y frescura.<\/p>\n\n\n\n<div class=\"wp-block-columns is-layout-flex wp-container-core-columns-is-layout-29aadeec wp-block-columns-is-layout-flex\" style=\"margin-top:60px\">\n<div class=\"wp-block-column is-layout-flow wp-container-core-column-is-layout-6b73ce23 wp-block-column-is-layout-flow\">\n<div class=\"wp-block-group is-nowrap is-layout-flex wp-container-core-group-is-layout-bd3f9bef wp-block-group-is-layout-flex\">\n<figure class=\"wp-block-image size-large wp-duotone-midnight\"><img decoding=\"async\" src=\"https:\/\/grupokrocante.com\/wp-content\/themes\/astra\/inc\/assets\/images\/starter-content\/passionate.svg\" alt=\"\" class=\"wp-image-162\"\/><\/figure>\n\n\n\n<h2 class=\"wp-block-heading has-text-align-left wp-container-content-9cfa9a5a\" style=\"margin-top:16px\">Mission<\/h2>\n<\/div>\n\n\n\n<p>En <strong>Krocante<\/strong> nos dedicamos a ofrecer productos alimenticios de la gastronom\u00eda colombiana, listos para preparar, con altos est\u00e1ndares de calidad, sabor y seguridad.<br>Nuestro prop\u00f3sito es brindar soluciones pr\u00e1cticas y deliciosas, que enriquezcan la experiencia de nuestros clientes y promuevan el consumo de alimentos tradicionales en nuevos formatos.<\/p>\n<\/div>\n\n\n\n<div class=\"wp-block-column is-vertically-aligned-top is-layout-flow wp-container-core-column-is-layout-6b73ce23 wp-block-column-is-layout-flow\">\n<div class=\"wp-block-group is-content-justification-left is-nowrap is-layout-flex wp-container-core-group-is-layout-232744d4 wp-block-group-is-layout-flex\">\n<figure class=\"wp-block-image size-large is-resized wp-duotone-midnight\"><img decoding=\"async\" src=\"https:\/\/grupokrocante.com\/wp-content\/themes\/astra\/inc\/assets\/images\/starter-content\/professional.svg\" alt=\"\" class=\"wp-image-163\" style=\"width:65px;height:auto\"\/><\/figure>\n\n\n\n<h2 class=\"wp-block-heading\" style=\"margin-top:16px\">Vision<\/h2>\n<\/div>\n\n\n\n<p>Ser reconocidos a nivel nacional como una de las marcas l\u00edderes en el sector de alimentos t\u00edpicos y congelados, destac\u00e1ndonos por la innovaci\u00f3n, el sabor inconfundible y la cercan\u00eda con nuestros consumidores.<br>Queremos llevar el sabor Krocante a todos los hogares y negocios del pa\u00eds.<\/p>\n<\/div>\n<\/div>\n<\/div>\n\n\n\n<div class=\"wp-block-group alignfull is-layout-constrained wp-container-core-group-is-layout-8d536118 wp-block-group-is-layout-constrained\" id=\"Catalogo\" style=\"padding-top:30px;padding-bottom:30px\">\n<h1 class=\"wp-block-heading\">L\u00edneas de productos<\/h1>\n\n\n\n<div class=\"wp-block-columns is-layout-flex wp-container-core-columns-is-layout-60cbf9bb wp-block-columns-is-layout-flex\" style=\"margin-top:50px\">\n<div class=\"wp-block-column is-layout-flow wp-container-core-column-is-layout-6b73ce23 wp-block-column-is-layout-flow\">\n<h3 class=\"wp-block-heading\" style=\"margin-top:16px\">L\u00ednea Amarilla<\/h3>\n\n\n\n<h4 class=\"wp-block-heading\">Sabor colombiano listo para disfrutar<\/h4>\n\n\n\n<p>Nuestra nueva l\u00ednea amarilla nace del gusto por lo nuestro. Con productos t\u00edpicos y de alta demanda, perfectos para negocios, cafeter\u00edas, restaurantes o consumo en el hogar:<\/p>\n\n\n\n<ul class=\"wp-block-list\">\n<li>Empanada de papa con carne<\/li>\n\n\n\n<li>Empanada de arroz con carne<\/li>\n\n\n\n<li>Arepa de huevo (sencilla y mixta)<\/li>\n\n\n\n<li>Palitos de queso<\/li>\n\n\n\n<li>Pasteles de pollo<\/li>\n<\/ul>\n<\/div>\n\n\n\n<div class=\"wp-block-column is-layout-flow wp-container-core-column-is-layout-6b73ce23 wp-block-column-is-layout-flow\">\n<h3 class=\"wp-block-heading\" style=\"margin-top:16px\">L\u00ednea de Congelados<\/h3>\n\n\n\n<h4 class=\"wp-block-heading\">Conservamos lo bueno, mantenemos el sabor<\/h4>\n\n\n\n<p>Para facilitar la preparaci\u00f3n sin comprometer el gusto, lanzamos nuestra l\u00ednea de congelados, ideales para puntos de venta y distribuci\u00f3n:<\/p>\n\n\n\n<ul class=\"wp-block-list\">\n<li>Pasteles hojaldrados de pollo, carne o mixtos<\/li>\n\n\n\n<li>Bocaditos listos para hornear o fre\u00edr<\/li>\n\n\n\n<li>Y pr\u00f3ximamente, m\u00e1s opciones artesanales<\/li>\n<\/ul>\n<\/div>\n<\/div>\n<\/div>\n\n\n\n<div class=\"wp-block-group alignfull has-ast-global-color-2-background-color has-background is-layout-constrained wp-container-core-group-is-layout-56d9e872 wp-block-group-is-layout-constrained\" id=\"Contacto\" style=\"padding-top:60px;padding-bottom:60px\">\n<h1 class=\"wp-block-heading has-text-align-center has-text-color\" style=\"color:#ffffff\">Contact Us!<\/h1>\n\n\n\n<div class=\"wp-block-buttons alignwide is-horizontal is-content-justification-center is-layout-flex wp-container-core-buttons-is-layout-bba8380a wp-block-buttons-is-layout-flex\" style=\"margin-top:50px\">\n<div class=\"wp-block-button\"><a class=\"wp-block-button__link wp-element-button\" href=\"https:\/\/api.whatsapp.com\/send?phone=573137705278&amp;text=Hola%2C%20me%20gustra%C3%ADa%20conocer%20mas%20de%20los%20productos%20que%20brinda%20la%20empresa.\" target=\"_blank\" rel=\"noreferrer noopener\">Whatsapp<br>+57 313 770 5278<\/a><\/div>\n<\/div>\n<\/div>\n\n\n\n<p><\/p>","protected":false},"excerpt":{"rendered":"<p>Sobre nosotros \u2026 Krocante es una marca colombiana creada para ofrecer sabores tradicionales con la practicidad que necesita el d\u00eda [&hellip;]<\/p>\n","protected":false},"author":1,"featured_media":0,"parent":0,"menu_order":0,"comment_status":"closed","ping_status":"closed","template":"","meta":{"_uag_custom_page_level_css":"","site-sidebar-layout":"no-sidebar","site-content-layout":"plain-container","ast-site-content-layout":"default","site-content-style":"default","site-sidebar-style":"default","ast-global-header-display":"","ast-banner-title-visibility":"","ast-main-header-display":"","ast-hfb-above-header-display":"","ast-hfb-below-header-display":"","ast-hfb-mobile-header-display":"","site-post-title":"disabled","ast-breadcrumbs-content":"","ast-featured-img":"","footer-sml-layout":"","ast-disable-related-posts":"","theme-transparent-header-meta":"enabled","adv-header-id-meta":"","stick-header-meta":"","header-above-stick-meta":"","header-main-stick-meta":"","header-below-stick-meta":"","astra-migrate-meta-layouts":"default","ast-page-background-enabled":"default","ast-page-background-meta":{"desktop":{"background-color":"var(--ast-global-color-5)","background-image":"","background-repeat":"repeat","background-position":"center center","background-size":"auto","background-attachment":"scroll","background-type":"","background-media":"","overlay-type":"","overlay-color":"","overlay-opacity":"","overlay-gradient":""},"tablet":{"background-color":"","background-image":"","background-repeat":"repeat","background-position":"center center","background-size":"auto","background-attachment":"scroll","background-type":"","background-media":"","overlay-type":"","overlay-color":"","overlay-opacity":"","overlay-gradient":""},"mobile":{"background-color":"","background-image":"","background-repeat":"repeat","background-position":"center center","background-size":"auto","background-attachment":"scroll","background-type":"","background-media":"","overlay-type":"","overlay-color":"","overlay-opacity":"","overlay-gradient":""}},"ast-content-background-meta":{"desktop":{"background-color":"var(--ast-global-color-4)","background-image":"","background-repeat":"repeat","background-position":"center center","background-size":"auto","background-attachment":"scroll","background-type":"","background-media":"","overlay-type":"","overlay-color":"","overlay-opacity":"","overlay-gradient":""},"tablet":{"background-color":"var(--ast-global-color-4)","background-image":"","background-repeat":"repeat","background-position":"center center","background-size":"auto","background-attachment":"scroll","background-type":"","background-media":"","overlay-type":"","overlay-color":"","overlay-opacity":"","overlay-gradient":""},"mobile":{"background-color":"var(--ast-global-color-4)","background-image":"","background-repeat":"repeat","background-position":"center center","background-size":"auto","background-attachment":"scroll","background-type":"","background-media":"","overlay-type":"","overlay-color":"","overlay-opacity":"","overlay-gradient":""}},"footnotes":""},"class_list":["post-17","page","type-page","status-publish","hentry"],"uagb_featured_image_src":{"full":false,"thumbnail":false,"medium":false,"medium_large":false,"large":false,"1536x1536":false,"2048x2048":false,"trp-custom-language-flag":false},"uagb_author_info":{"display_name":"admin","author_link":"https:\/\/grupokrocante.com\/eng\/author\/admin_qc1qf56b\/"},"uagb_comment_info":0,"uagb_excerpt":"Sobre nosotros \u2026 Krocante es una marca colombiana creada para ofrecer sabores tradicionales con la practicidad que necesita el d\u00eda [&hellip;]","_links":{"self":[{"href":"https:\/\/grupokrocante.com\/eng\/wp-json\/wp\/v2\/pages\/17","targetHints":{"allow":["GET"]}}],"collection":[{"href":"https:\/\/grupokrocante.com\/eng\/wp-json\/wp\/v2\/pages"}],"about":[{"href":"https:\/\/grupokrocante.com\/eng\/wp-json\/wp\/v2\/types\/page"}],"author":[{"embeddable":true,"href":"https:\/\/grupokrocante.com\/eng\/wp-json\/wp\/v2\/users\/1"}],"replies":[{"embeddable":true,"href":"https:\/\/grupokrocante.com\/eng\/wp-json\/wp\/v2\/comments?post=17"}],"version-history":[{"count":61,"href":"https:\/\/grupokrocante.com\/eng\/wp-json\/wp\/v2\/pages\/17\/revisions"}],"predecessor-version":[{"id":209,"href":"https:\/\/grupokrocante.com\/eng\/wp-json\/wp\/v2\/pages\/17\/revisions\/209"}],"wp:attachment":[{"href":"https:\/\/grupokrocante.com\/eng\/wp-json\/wp\/v2\/media?parent=17"}],"curies":[{"name":"wp","href":"https:\/\/api.w.org\/{rel}","templated":true}]}}